{"id":6430,"date":"2021-02-10T21:25:04","date_gmt":"2021-02-10T20:25:04","guid":{"rendered":"https:\/\/kristopherlamore.fr\/mentions-legales\/"},"modified":"2021-04-30T22:35:10","modified_gmt":"2021-04-30T21:35:10","slug":"mentions-legales","status":"publish","type":"page","link":"https:\/\/kristopherlamore.fr\/en\/mentions-legales\/","title":{"rendered":"Mentions l\u00e9gales"},"content":{"rendered":"<p>Merci de lire avec attention les diff\u00e9rentes modalit\u00e9s d\u2019utilisation du pr\u00e9sent site avant d\u2019en parcourir les pages. En vous connectant sur ce site, vous acceptez sans r\u00e9serve les pr\u00e9sentes modalit\u00e9s. Aussi, conform\u00e9ment \u00e0 l\u2019article n\u00b06 de la Loi n\u00b02004-575 du 21 Juin 2004 pour la confiance dans l\u2019\u00e9conomie num\u00e9rique, le responsable du pr\u00e9sent site internet https:\/\/kristopherlamore.fr est :<\/p>\n<h2>\u00c9diteur du Site<\/h2>\n<p>L\u2019\u00e9diteur du site est : Kristopher Lamore<br \/>\nResponsable \u00e9ditorial : Kristopher Lamore<br \/>\nResponsables design et identit\u00e9 graphique : Nicolas Matrat<br \/>\nEmail : bonjour@kristopherlamore.fr<br \/>\nSite Web : https:\/\/kristopherlamore.fr<\/p>\n<h2>D\u00e9veloppement et h\u00e9bergement<\/h2>\n<p>L\u2019h\u00e9bergeur du site https:\/\/kristopherlamore.fr est la Soci\u00e9t\u00e9 O.V.H., dont le si\u00e8ge social est situ\u00e9 au 2 rue Kellermann \u2013 59100 Roubaix \u2013 France.<\/p>\n<p>Le d\u00e9veloppement a \u00e9t\u00e9 assur\u00e9 par Nicolas Matrat.<\/p>\n<h2>Conditions d\u2019utilisation<\/h2>\n<p>Le site utilise diff\u00e9rents langages web (HTML, HTML5, Javascript, CSS, etc\u2026) et pour un meilleur confort d\u2019utilisation et un graphisme plus agr\u00e9able, il vous recommande de recourir \u00e0 des navigateurs modernes comme Firefox, Google Chrome, Safari, \u2026<\/p>\n<p>Kristopher Lamore met en \u0153uvre tous les moyens dont il dispose pour assurer une information fiable et une mise \u00e0 jour fiable de son site internet. Toutefois, des erreurs ou omissions peuvent survenir. L\u2019internaute devra donc s\u2019assurer de l\u2019exactitude des informations aupr\u00e8s de Kristopher Lamore, et signaler toutes modifications du site qu\u2019il jugerait utile. Kristopher Lamore n\u2019est en aucun cas responsable de l\u2019utilisation faite de ces informations, et de tout pr\u00e9judice direct ou indirect pouvant en d\u00e9couler.<\/p>\n<h2>Cookies<\/h2>\n<p>Un cookie est une information d\u00e9pos\u00e9e sur votre disque dur par le serveur du site que vous visitez. Il contient plusieurs donn\u00e9es qui sont stock\u00e9es sur votre ordinateur dans un simple fichier texte auquel un serveur acc\u00e8de pour lire et enregistrer des informations. Certaines parties de ce site ne peuvent \u00eatre fonctionnelles sans l\u2019acceptation de cookies. Mais sur ce site https:\/\/kristopherlamore.fr vous ne serait pas amen\u00e9 \u00e0 vous demander l\u2019acceptation de cookies \u00e0 des fins statistiques ou de suivi.<\/p>\n<h2>Liens hypertextes<\/h2>\n<p>Les sites internet de Kristopher Lamore peuvent offrir des liens vers d\u2019autres sites internet ou d\u2019autres ressources disponibles sur Internet. Kristopher Lamore ne dispose d\u2019aucun moyen pour contr\u00f4ler les sites en connexion avec ses sites internet. Kristopher Lamore ne r\u00e9pond pas de la disponibilit\u00e9 de tels sites et sources externes, ni ne le garanti. Il ne peut \u00eatre tenu pour responsable de tout dommage, de quelque nature que ce soit, r\u00e9sultant du contenu de ces sites ou sources externes, et notamment des informations, produits ou services qu\u2019ils proposent, ou de tout usage qui peut \u00eatre fait de ces \u00e9l\u00e9ments. Les risques li\u00e9s \u00e0 cette utilisation incombent pleinement \u00e0 l\u2019internaute, qui doit se conformer \u00e0 leurs conditions d\u2019utilisation.<\/p>\n<h2>Services fournis<\/h2>\n<p>Kristopher Lamore s\u2019efforce de fournir sur le site https:\/\/kristopherlamore.fr des informations aussi pr\u00e9cises que possibles. Les renseignements figurant sur le site ne sont pas exhaustifs et les photos non contractuelles. Ils sont donn\u00e9s sous r\u00e9serve de modifications ayant \u00e9t\u00e9 apport\u00e9es depuis leur mise en ligne. Par ailleurs, toutes les informations indiqu\u00e9es sur le site sont donn\u00e9es \u00e0 titre indicatif, et sont susceptibles de changer ou d\u2019\u00e9voluer sans pr\u00e9avis.<\/p>\n<h2>Limitations contractuelles sur les donn\u00e9es<\/h2>\n<p>Les informations contenues sur ce site sont aussi pr\u00e9cises que possible et le site remis \u00e0 jour \u00e0 diff\u00e9rentes p\u00e9riodes de l\u2019ann\u00e9e, mais peut toutefois contenir des inexactitudes ou des omissions. Si vous constatez une lacune, erreur ou ce qui parait \u00eatre un dysfonctionnement, merci de bien vouloir le signaler par email, \u00e0 l\u2019adresse bonjour@kristopherlamore.fr, en d\u00e9crivant le probl\u00e8me de la mani\u00e8re la plus pr\u00e9cise possible (page posant probl\u00e8me, type d\u2019ordinateur et de navigateur utilis\u00e9, \u2026).<\/p>\n<p>Tout contenu t\u00e9l\u00e9charg\u00e9 se fait aux risques et p\u00e9rils de l\u2019utilisateur et sous sa seule responsabilit\u00e9. En cons\u00e9quence, ne saurait \u00eatre tenu responsable d\u2019un quelconque dommage subi par l\u2019ordinateur de l\u2019utilisateur ou d\u2019une quelconque perte de donn\u00e9es cons\u00e9cutives au t\u00e9l\u00e9chargement. De plus, l\u2019utilisateur du site s\u2019engage \u00e0 acc\u00e9der au site en utilisant un mat\u00e9riel r\u00e9cent, ne contenant pas de virus et avec un navigateur de derni\u00e8re g\u00e9n\u00e9ration mis-\u00e0-jour.<\/p>\n<p>Les liens hypertextes mis en place dans le cadre du pr\u00e9sent site internet en direction d\u2019autres ressources pr\u00e9sentes sur le r\u00e9seau Internet ne sauraient engager la responsabilit\u00e9 de Kristopher Lamore.<\/p>\n<h2>D\u00e9claration \u00e0 la CNIL<\/h2>\n<p>Conform\u00e9ment \u00e0 la loi 78-17 du 6 janvier 1978 (modifi\u00e9e par la loi 2004-801 du 6 ao\u00fbt 2004 relative \u00e0 la protection des personnes physiques \u00e0 l\u2019\u00e9gard des traitements de donn\u00e9es \u00e0 caract\u00e8re personnel) relative \u00e0 l\u2019informatique, aux fichiers et aux libert\u00e9s, ce site n\u2019a pas fait l\u2019objet d\u2019une d\u00e9claration aupr\u00e8s de la Commission nationale de l\u2019informatique et des libert\u00e9s (www.cnil.fr).<\/p>\n<h2>Litiges<\/h2>\n<p>Les pr\u00e9sentes conditions du site https:\/\/kristopherlamore.fr sont r\u00e9gies par les lois fran\u00e7aises et toute contestation ou litige qui pourrait na\u00eetre de l\u2019interpr\u00e9tation ou de l\u2019ex\u00e9cution de celles-ci seront de la comp\u00e9tence exclusive des tribunaux fran\u00e7ais. La langue de r\u00e9f\u00e9rence, pour le r\u00e8glement de contentieux \u00e9ventuels, est le fran\u00e7ais.<\/p>\n<h2>Donn\u00e9es personnelles<\/h2>\n<p>De mani\u00e8re g\u00e9n\u00e9rale, vous n\u2019\u00eates pas tenu de nous communiquer vos donn\u00e9es personnelles lorsque vous visitez notre site Internet.<\/p>\n<h2>Cr\u00e9dits photos<\/h2>\n<p>Unsplash<\/p>\n","protected":false},"excerpt":{"rendered":"<p>Merci de lire avec attention les diff\u00e9rentes modalit\u00e9s d\u2019utilisation du pr\u00e9sent site avant d\u2019en parcourir les pages. En vous connectant sur ce site, vous acceptez sans r\u00e9serve les pr\u00e9sentes modalit\u00e9s&#8230;.<\/p>\n","protected":false},"author":1,"featured_media":0,"parent":0,"menu_order":0,"comment_status":"closed","ping_status":"closed","template":"","meta":{"footnotes":""},"yoast_head":"<!-- This site is optimized with the Yoast SEO plugin v22.5 - https:\/\/yoast.com\/wordpress\/plugins\/seo\/ -->\n<title>Mentions l\u00e9gales - Kristopher Lamore<\/title>\n<meta name=\"robots\" content=\"index, follow, max-snippet:-1, max-image-preview:large, max-video-preview:-1\" \/>\n<link rel=\"canonical\" href=\"https:\/\/kristopherlamore.fr\/en\/mentions-legales\/\" \/>\n<meta property=\"og:locale\" content=\"en_US\" \/>\n<meta property=\"og:type\" content=\"article\" \/>\n<meta property=\"og:title\" content=\"Mentions l\u00e9gales - Kristopher Lamore\" \/>\n<meta property=\"og:description\" content=\"Merci de lire avec attention les diff\u00e9rentes modalit\u00e9s d\u2019utilisation du pr\u00e9sent site avant d\u2019en parcourir les pages. En vous connectant sur ce site, vous acceptez sans r\u00e9serve les pr\u00e9sentes modalit\u00e9s....\" \/>\n<meta property=\"og:url\" content=\"https:\/\/kristopherlamore.fr\/en\/mentions-legales\/\" \/>\n<meta property=\"og:site_name\" content=\"Kristopher Lamore\" \/>\n<meta property=\"article:modified_time\" content=\"2021-04-30T21:35:10+00:00\" \/>\n<meta name=\"twitter:card\" content=\"summary_large_image\" \/>\n<meta name=\"twitter:label1\" content=\"Est. reading time\" \/>\n\t<meta name=\"twitter:data1\" content=\"5 minutes\" \/>\n<script type=\"application\/ld+json\" class=\"yoast-schema-graph\">{\"@context\":\"https:\/\/schema.org\",\"@graph\":[{\"@type\":\"WebPage\",\"@id\":\"https:\/\/kristopherlamore.fr\/en\/mentions-legales\/\",\"url\":\"https:\/\/kristopherlamore.fr\/en\/mentions-legales\/\",\"name\":\"Mentions l\u00e9gales - Kristopher Lamore\",\"isPartOf\":{\"@id\":\"https:\/\/kristopherlamore.fr\/en\/#website\"},\"datePublished\":\"2021-02-10T20:25:04+00:00\",\"dateModified\":\"2021-04-30T21:35:10+00:00\",\"breadcrumb\":{\"@id\":\"https:\/\/kristopherlamore.fr\/en\/mentions-legales\/#breadcrumb\"},\"inLanguage\":\"en-US\",\"potentialAction\":[{\"@type\":\"ReadAction\",\"target\":[\"https:\/\/kristopherlamore.fr\/en\/mentions-legales\/\"]}]},{\"@type\":\"BreadcrumbList\",\"@id\":\"https:\/\/kristopherlamore.fr\/en\/mentions-legales\/#breadcrumb\",\"itemListElement\":[{\"@type\":\"ListItem\",\"position\":1,\"name\":\"Accueil\",\"item\":\"https:\/\/kristopherlamore.fr\/en\/\"},{\"@type\":\"ListItem\",\"position\":2,\"name\":\"Mentions l\u00e9gales\"}]},{\"@type\":\"WebSite\",\"@id\":\"https:\/\/kristopherlamore.fr\/en\/#website\",\"url\":\"https:\/\/kristopherlamore.fr\/en\/\",\"name\":\"Kristopher Lamore\",\"description\":\"\",\"publisher\":{\"@id\":\"https:\/\/kristopherlamore.fr\/en\/#\/schema\/person\/d82e88e402b979bd014d70833d0586bc\"},\"potentialAction\":[{\"@type\":\"SearchAction\",\"target\":{\"@type\":\"EntryPoint\",\"urlTemplate\":\"https:\/\/kristopherlamore.fr\/en\/?s={search_term_string}\"},\"query-input\":\"required name=search_term_string\"}],\"inLanguage\":\"en-US\"},{\"@type\":[\"Person\",\"Organization\"],\"@id\":\"https:\/\/kristopherlamore.fr\/en\/#\/schema\/person\/d82e88e402b979bd014d70833d0586bc\",\"name\":\"Kristopher Lamore\",\"image\":{\"@type\":\"ImageObject\",\"inLanguage\":\"en-US\",\"@id\":\"https:\/\/kristopherlamore.fr\/en\/#\/schema\/person\/image\/\",\"url\":\"https:\/\/secure.gravatar.com\/avatar\/b95b76f03fe09cdbdd23cd85b6514d45?s=96&d=mm&r=g\",\"contentUrl\":\"https:\/\/secure.gravatar.com\/avatar\/b95b76f03fe09cdbdd23cd85b6514d45?s=96&d=mm&r=g\",\"caption\":\"Kristopher Lamore\"},\"logo\":{\"@id\":\"https:\/\/kristopherlamore.fr\/en\/#\/schema\/person\/image\/\"},\"sameAs\":[\"https:\/\/www.kristopherlamore.fr\"]}]}<\/script>\n<!-- \/ Yoast SEO plugin. -->","yoast_head_json":{"title":"Mentions l\u00e9gales - Kristopher Lamore","robots":{"index":"index","follow":"follow","max-snippet":"max-snippet:-1","max-image-preview":"max-image-preview:large","max-video-preview":"max-video-preview:-1"},"canonical":"https:\/\/kristopherlamore.fr\/en\/mentions-legales\/","og_locale":"en_US","og_type":"article","og_title":"Mentions l\u00e9gales - Kristopher Lamore","og_description":"Merci de lire avec attention les diff\u00e9rentes modalit\u00e9s d\u2019utilisation du pr\u00e9sent site avant d\u2019en parcourir les pages. En vous connectant sur ce site, vous acceptez sans r\u00e9serve les pr\u00e9sentes modalit\u00e9s....","og_url":"https:\/\/kristopherlamore.fr\/en\/mentions-legales\/","og_site_name":"Kristopher Lamore","article_modified_time":"2021-04-30T21:35:10+00:00","twitter_card":"summary_large_image","twitter_misc":{"Est. reading time":"5 minutes"},"schema":{"@context":"https:\/\/schema.org","@graph":[{"@type":"WebPage","@id":"https:\/\/kristopherlamore.fr\/en\/mentions-legales\/","url":"https:\/\/kristopherlamore.fr\/en\/mentions-legales\/","name":"Mentions l\u00e9gales - Kristopher Lamore","isPartOf":{"@id":"https:\/\/kristopherlamore.fr\/en\/#website"},"datePublished":"2021-02-10T20:25:04+00:00","dateModified":"2021-04-30T21:35:10+00:00","breadcrumb":{"@id":"https:\/\/kristopherlamore.fr\/en\/mentions-legales\/#breadcrumb"},"inLanguage":"en-US","potentialAction":[{"@type":"ReadAction","target":["https:\/\/kristopherlamore.fr\/en\/mentions-legales\/"]}]},{"@type":"BreadcrumbList","@id":"https:\/\/kristopherlamore.fr\/en\/mentions-legales\/#breadcrumb","itemListElement":[{"@type":"ListItem","position":1,"name":"Accueil","item":"https:\/\/kristopherlamore.fr\/en\/"},{"@type":"ListItem","position":2,"name":"Mentions l\u00e9gales"}]},{"@type":"WebSite","@id":"https:\/\/kristopherlamore.fr\/en\/#website","url":"https:\/\/kristopherlamore.fr\/en\/","name":"Kristopher Lamore","description":"","publisher":{"@id":"https:\/\/kristopherlamore.fr\/en\/#\/schema\/person\/d82e88e402b979bd014d70833d0586bc"},"potentialAction":[{"@type":"SearchAction","target":{"@type":"EntryPoint","urlTemplate":"https:\/\/kristopherlamore.fr\/en\/?s={search_term_string}"},"query-input":"required name=search_term_string"}],"inLanguage":"en-US"},{"@type":["Person","Organization"],"@id":"https:\/\/kristopherlamore.fr\/en\/#\/schema\/person\/d82e88e402b979bd014d70833d0586bc","name":"Kristopher Lamore","image":{"@type":"ImageObject","inLanguage":"en-US","@id":"https:\/\/kristopherlamore.fr\/en\/#\/schema\/person\/image\/","url":"https:\/\/secure.gravatar.com\/avatar\/b95b76f03fe09cdbdd23cd85b6514d45?s=96&d=mm&r=g","contentUrl":"https:\/\/secure.gravatar.com\/avatar\/b95b76f03fe09cdbdd23cd85b6514d45?s=96&d=mm&r=g","caption":"Kristopher Lamore"},"logo":{"@id":"https:\/\/kristopherlamore.fr\/en\/#\/schema\/person\/image\/"},"sameAs":["https:\/\/www.kristopherlamore.fr"]}]}},"amp_enabled":true,"_links":{"self":[{"href":"https:\/\/kristopherlamore.fr\/en\/wp-json\/wp\/v2\/pages\/6430"}],"collection":[{"href":"https:\/\/kristopherlamore.fr\/en\/wp-json\/wp\/v2\/pages"}],"about":[{"href":"https:\/\/kristopherlamore.fr\/en\/wp-json\/wp\/v2\/types\/page"}],"author":[{"embeddable":true,"href":"https:\/\/kristopherlamore.fr\/en\/wp-json\/wp\/v2\/users\/1"}],"replies":[{"embeddable":true,"href":"https:\/\/kristopherlamore.fr\/en\/wp-json\/wp\/v2\/comments?post=6430"}],"version-history":[{"count":1,"href":"https:\/\/kristopherlamore.fr\/en\/wp-json\/wp\/v2\/pages\/6430\/revisions"}],"predecessor-version":[{"id":6431,"href":"https:\/\/kristopherlamore.fr\/en\/wp-json\/wp\/v2\/pages\/6430\/revisions\/6431"}],"wp:attachment":[{"href":"https:\/\/kristopherlamore.fr\/en\/wp-json\/wp\/v2\/media?parent=6430"}],"curies":[{"name":"wp","href":"https:\/\/api.w.org\/{rel}","templated":true}]}}